{"id":12187,"date":"2025-08-12T20:12:07","date_gmt":"2025-08-12T18:12:07","guid":{"rendered":"https:\/\/kaizuno.com\/mentions-legales\/"},"modified":"2026-01-27T10:31:27","modified_gmt":"2026-01-27T09:31:27","slug":"mentions-legales","status":"publish","type":"page","link":"https:\/\/kaizuno.com\/fr\/mentions-legales\/","title":{"rendered":"Mentions l\u00e9gales"},"content":{"rendered":"\t\t<div data-elementor-type=\"wp-page\" data-elementor-id=\"12187\" class=\"elementor elementor-12187 elementor-6639\" data-elementor-post-type=\"page\">\n\t\t\t\t<div class=\"elementor-element elementor-element-5201ee1 e-con-full e-flex e-con e-parent\" data-id=\"5201ee1\" data-element_type=\"container\" data-e-type=\"container\" data-settings=\"{&quot;background_background&quot;:&quot;classic&quot;,&quot;jet_parallax_layout_list&quot;:[],&quot;background_motion_fx_motion_fx_mouse&quot;:&quot;yes&quot;,&quot;background_motion_fx_mouseTrack_effect&quot;:&quot;yes&quot;,&quot;background_motion_fx_mouseTrack_speed&quot;:{&quot;unit&quot;:&quot;px&quot;,&quot;size&quot;:1,&quot;sizes&quot;:[]}}\">\n\t\t<div class=\"elementor-element elementor-element-836d6cb e-con-full e-flex e-con e-child\" data-id=\"836d6cb\" data-element_type=\"container\" data-e-type=\"container\" data-settings=\"{&quot;jet_parallax_layout_list&quot;:[]}\">\n\t\t\t\t<div class=\"elementor-element elementor-element-364916e elementor-widget__width-initial elementor-widget elementor-widget-heading\" data-id=\"364916e\" data-element_type=\"widget\" data-e-type=\"widget\" data-settings=\"{&quot;_animation&quot;:&quot;none&quot;}\" data-widget_type=\"heading.default\">\n\t\t\t\t<div class=\"elementor-widget-container\">\n\t\t\t\t\t<h1 class=\"elementor-heading-title elementor-size-default\">Mentions l\u00e9gales<\/h1>\t\t\t\t<\/div>\n\t\t\t\t<\/div>\n\t\t\t\t<\/div>\n\t\t\t\t<\/div>\n\t\t<div class=\"elementor-element elementor-element-81454fd e-flex e-con-boxed e-con e-parent\" data-id=\"81454fd\" data-element_type=\"container\" data-e-type=\"container\" data-settings=\"{&quot;jet_parallax_layout_list&quot;:[]}\">\n\t\t\t\t\t<div class=\"e-con-inner\">\n\t\t<div class=\"elementor-element elementor-element-b5b7cd4 e-con-full e-flex e-con e-child\" data-id=\"b5b7cd4\" data-element_type=\"container\" data-e-type=\"container\" data-settings=\"{&quot;background_background&quot;:&quot;classic&quot;,&quot;jet_parallax_layout_list&quot;:[]}\">\n\t\t\t\t<div class=\"elementor-element elementor-element-c95fa29 elementor-widget elementor-widget-image\" data-id=\"c95fa29\" data-element_type=\"widget\" data-e-type=\"widget\" data-widget_type=\"image.default\">\n\t\t\t\t<div class=\"elementor-widget-container\">\n\t\t\t\t\t\t\t\t\t\t\t\t\t\t\t<img fetchpriority=\"high\" decoding=\"async\" width=\"800\" height=\"214\" src=\"https:\/\/kaizuno.com\/wp-content\/uploads\/2025\/08\/anrok_logo_rgb.png\" class=\"attachment-large size-large wp-image-12188\" alt=\"\" srcset=\"https:\/\/kaizuno.com\/wp-content\/uploads\/2025\/08\/anrok_logo_rgb.png 957w, https:\/\/kaizuno.com\/wp-content\/uploads\/2025\/08\/anrok_logo_rgb-300x80.png 300w, https:\/\/kaizuno.com\/wp-content\/uploads\/2025\/08\/anrok_logo_rgb-768x205.png 768w\" sizes=\"(max-width: 800px) 100vw, 800px\" \/>\t\t\t\t\t\t\t\t\t\t\t\t\t\t\t<\/div>\n\t\t\t\t<\/div>\n\t\t\t\t<div class=\"elementor-element elementor-element-c208f27 elementor-widget__width-initial ltimmfullwii elementor-widget elementor-widget-text-editor\" data-id=\"c208f27\" data-element_type=\"widget\" data-e-type=\"widget\" data-widget_type=\"text-editor.default\">\n\t\t\t\t<div class=\"elementor-widget-container\">\n\t\t\t\t\t\t\t\t\t<p>KAIZUNO\u00ae est une marque d\u00e9pos\u00e9e d&#8217;<strong>Anrok GmbH<\/strong>.<\/p><p>La marque KAIZUNO\u00ae est enregistr\u00e9e au nom de Dr. Christian Forstner, Dr. Robert Knop et Murat Aydin.<\/p><p>Le directeur g\u00e9n\u00e9ral d&#8217;<a href=\"https:\/\/anrok.ch\" target=\"_blank\" rel=\"noopener\">Anrok<\/a> GmbH est<strong> Dr. Robert Knop<\/strong>.<\/p><p>Notre adresse postale est : Via Larisch 2, 7031 Laax, Grisons, Suisse<\/p><p>Contact : <a href=\"https:\/\/kaizuno.com\/fr\/nous-contacter\/\" target=\"_blank\" rel=\"noopener\">vers le formulaire de contact<\/a><\/p><p>E-mail : <a href=\"mailto:robert.knop@kaizuno.com\">robert.knop(at)kaizuno.com<\/a><\/p><p>T\u00e9l\u00e9phone : +41 78 846 23 90<\/p><p>UID : CHE-290.490.033.<\/p>\t\t\t\t\t\t\t\t<\/div>\n\t\t\t\t<\/div>\n\t\t\t\t<\/div>\n\t\t\t\t\t<\/div>\n\t\t\t\t<\/div>\n\t\t\t\t<\/div>\n\t\t","protected":false},"excerpt":{"rendered":"<p>Mentions l\u00e9gales KAIZUNO\u00ae est une marque d\u00e9pos\u00e9e d&#8217;Anrok GmbH. La marque KAIZUNO\u00ae est enregistr\u00e9e au nom de Dr. Christian Forstner, Dr. Robert Knop et Murat Aydin. Le directeur g\u00e9n\u00e9ral d&#8217;Anrok GmbH est Dr. Robert Knop. Notre adresse postale est : Via Larisch 2, 7031 Laax, Grisons, Suisse Contact : vers le formulaire de contact E-mail [&hellip;]<\/p>\n","protected":false},"author":2,"featured_media":0,"parent":0,"menu_order":0,"comment_status":"closed","ping_status":"closed","template":"","meta":{"gpsa_enabled":false,"gpsa_required_form_ids":[],"gpsa_require_unique_form_submission":false,"gpsa_access_behavior":"show_message","gpsa_form_redirect_path":"","gpsa_requires_access_message":"","gpsa_access":[],"gpsa_content_loading_message":"","footnotes":""},"class_list":["post-12187","page","type-page","status-publish","hentry"],"_links":{"self":[{"href":"https:\/\/kaizuno.com\/fr\/wp-json\/wp\/v2\/pages\/12187","targetHints":{"allow":["GET"]}}],"collection":[{"href":"https:\/\/kaizuno.com\/fr\/wp-json\/wp\/v2\/pages"}],"about":[{"href":"https:\/\/kaizuno.com\/fr\/wp-json\/wp\/v2\/types\/page"}],"author":[{"embeddable":true,"href":"https:\/\/kaizuno.com\/fr\/wp-json\/wp\/v2\/users\/2"}],"replies":[{"embeddable":true,"href":"https:\/\/kaizuno.com\/fr\/wp-json\/wp\/v2\/comments?post=12187"}],"version-history":[{"count":4,"href":"https:\/\/kaizuno.com\/fr\/wp-json\/wp\/v2\/pages\/12187\/revisions"}],"predecessor-version":[{"id":13254,"href":"https:\/\/kaizuno.com\/fr\/wp-json\/wp\/v2\/pages\/12187\/revisions\/13254"}],"wp:attachment":[{"href":"https:\/\/kaizuno.com\/fr\/wp-json\/wp\/v2\/media?parent=12187"}],"curies":[{"name":"wp","href":"https:\/\/api.w.org\/{rel}","templated":true}]}}