{"id":10268,"date":"2025-08-12T20:12:07","date_gmt":"2025-08-12T18:12:07","guid":{"rendered":"https:\/\/kaizuno.com\/kuenye\/"},"modified":"2026-01-27T10:31:00","modified_gmt":"2026-01-27T09:31:00","slug":"impressum","status":"publish","type":"page","link":"https:\/\/kaizuno.com\/de\/impressum\/","title":{"rendered":"Impressum"},"content":{"rendered":"\t\t<div data-elementor-type=\"wp-page\" data-elementor-id=\"10268\" class=\"elementor elementor-10268 elementor-6639\" data-elementor-post-type=\"page\">\n\t\t\t\t<div class=\"elementor-element elementor-element-5201ee1 e-con-full e-flex e-con e-parent\" data-id=\"5201ee1\" data-element_type=\"container\" data-e-type=\"container\" data-settings=\"{&quot;background_background&quot;:&quot;classic&quot;,&quot;jet_parallax_layout_list&quot;:[],&quot;background_motion_fx_motion_fx_mouse&quot;:&quot;yes&quot;,&quot;background_motion_fx_mouseTrack_effect&quot;:&quot;yes&quot;,&quot;background_motion_fx_mouseTrack_speed&quot;:{&quot;unit&quot;:&quot;px&quot;,&quot;size&quot;:1,&quot;sizes&quot;:[]}}\">\n\t\t<div class=\"elementor-element elementor-element-836d6cb e-con-full e-flex e-con e-child\" data-id=\"836d6cb\" data-element_type=\"container\" data-e-type=\"container\" data-settings=\"{&quot;jet_parallax_layout_list&quot;:[]}\">\n\t\t\t\t<div class=\"elementor-element elementor-element-364916e elementor-widget__width-initial elementor-widget elementor-widget-heading\" data-id=\"364916e\" data-element_type=\"widget\" data-e-type=\"widget\" data-settings=\"{&quot;_animation&quot;:&quot;none&quot;}\" data-widget_type=\"heading.default\">\n\t\t\t\t<div class=\"elementor-widget-container\">\n\t\t\t\t\t<h1 class=\"elementor-heading-title elementor-size-default\">Impressum<\/h1>\t\t\t\t<\/div>\n\t\t\t\t<\/div>\n\t\t\t\t<\/div>\n\t\t\t\t<\/div>\n\t\t<div class=\"elementor-element elementor-element-81454fd e-flex e-con-boxed e-con e-parent\" data-id=\"81454fd\" data-element_type=\"container\" data-e-type=\"container\" data-settings=\"{&quot;jet_parallax_layout_list&quot;:[]}\">\n\t\t\t\t\t<div class=\"e-con-inner\">\n\t\t<div class=\"elementor-element elementor-element-b5b7cd4 e-con-full e-flex e-con e-child\" data-id=\"b5b7cd4\" data-element_type=\"container\" data-e-type=\"container\" data-settings=\"{&quot;background_background&quot;:&quot;classic&quot;,&quot;jet_parallax_layout_list&quot;:[]}\">\n\t\t\t\t<div class=\"elementor-element elementor-element-c95fa29 elementor-widget elementor-widget-image\" data-id=\"c95fa29\" data-element_type=\"widget\" data-e-type=\"widget\" data-widget_type=\"image.default\">\n\t\t\t\t<div class=\"elementor-widget-container\">\n\t\t\t\t\t\t\t\t\t\t\t\t\t\t\t<img fetchpriority=\"high\" decoding=\"async\" width=\"800\" height=\"214\" src=\"https:\/\/kaizuno.com\/wp-content\/uploads\/2025\/08\/anrok_logo_rgb.png\" class=\"attachment-large size-large wp-image-8745\" alt=\"\" srcset=\"https:\/\/kaizuno.com\/wp-content\/uploads\/2025\/08\/anrok_logo_rgb.png 957w, https:\/\/kaizuno.com\/wp-content\/uploads\/2025\/08\/anrok_logo_rgb-300x80.png 300w, https:\/\/kaizuno.com\/wp-content\/uploads\/2025\/08\/anrok_logo_rgb-768x205.png 768w\" sizes=\"(max-width: 800px) 100vw, 800px\" \/>\t\t\t\t\t\t\t\t\t\t\t\t\t\t\t<\/div>\n\t\t\t\t<\/div>\n\t\t\t\t<div class=\"elementor-element elementor-element-c208f27 elementor-widget__width-initial ltimmfullwii elementor-widget elementor-widget-text-editor\" data-id=\"c208f27\" data-element_type=\"widget\" data-e-type=\"widget\" data-widget_type=\"text-editor.default\">\n\t\t\t\t<div class=\"elementor-widget-container\">\n\t\t\t\t\t\t\t\t\t<p>KAIZUNO\u00ae ist eine Marke der <strong>Anrok GmbH.<\/strong><\/p><p data-start=\"102\" data-end=\"206\">Die Marke KAIZUNO\u00ae ist eingetragen auf Dr. Christian Forstner, Dr. Robert Knop und Murat Aydin.<\/p><p data-start=\"208\" data-end=\"265\">Gesch\u00e4ftsf\u00fchrer der <a href=\"https:\/\/anrok.ch\/\" target=\"_blank\" rel=\"noopener\">Anrok<\/a> GmbH ist <strong data-start=\"243\" data-end=\"262\">Dr. Robert Knop<\/strong>.<\/p><p>Unsere Postadresse lautet: Via Larisch 2, 7031 Laax, Graub\u00fcnden, Schweiz<\/p><p>Kontakt: <a href=\"https:\/\/kaizuno.com\/kontakt\/\" target=\"_blank\" rel=\"noopener\">zum Kontaktformular<\/a><\/p><p>E-Mail: <a href=\"mailto:robert.knop@kaizuno.com\">robert.knop(at)kaizuno.com<\/a><\/p><p>Telefon: +41 78 846 23 90<\/p><p>UID: CHE-290.490.033.<\/p>\t\t\t\t\t\t\t\t<\/div>\n\t\t\t\t<\/div>\n\t\t\t\t<\/div>\n\t\t\t\t\t<\/div>\n\t\t\t\t<\/div>\n\t\t\t\t<\/div>\n\t\t","protected":false},"excerpt":{"rendered":"<p>Impressum KAIZUNO\u00ae ist eine Marke der Anrok GmbH. Die Marke KAIZUNO\u00ae ist eingetragen auf Dr. Christian Forstner, Dr. Robert Knop und Murat Aydin. Gesch\u00e4ftsf\u00fchrer der Anrok GmbH ist Dr. Robert Knop. Unsere Postadresse lautet: Via Larisch 2, 7031 Laax, Graub\u00fcnden, Schweiz Kontakt: zum Kontaktformular E-Mail: robert.knop(at)kaizuno.com Telefon: +41 78 846 23 90 UID: CHE-290.490.033.<\/p>\n","protected":false},"author":2,"featured_media":0,"parent":0,"menu_order":0,"comment_status":"closed","ping_status":"closed","template":"","meta":{"gpsa_enabled":false,"gpsa_required_form_ids":[],"gpsa_require_unique_form_submission":false,"gpsa_access_behavior":"show_message","gpsa_form_redirect_path":"","gpsa_requires_access_message":"","gpsa_access":[],"gpsa_content_loading_message":"","footnotes":""},"class_list":["post-10268","page","type-page","status-publish","hentry"],"_links":{"self":[{"href":"https:\/\/kaizuno.com\/de\/wp-json\/wp\/v2\/pages\/10268","targetHints":{"allow":["GET"]}}],"collection":[{"href":"https:\/\/kaizuno.com\/de\/wp-json\/wp\/v2\/pages"}],"about":[{"href":"https:\/\/kaizuno.com\/de\/wp-json\/wp\/v2\/types\/page"}],"author":[{"embeddable":true,"href":"https:\/\/kaizuno.com\/de\/wp-json\/wp\/v2\/users\/2"}],"replies":[{"embeddable":true,"href":"https:\/\/kaizuno.com\/de\/wp-json\/wp\/v2\/comments?post=10268"}],"version-history":[{"count":23,"href":"https:\/\/kaizuno.com\/de\/wp-json\/wp\/v2\/pages\/10268\/revisions"}],"predecessor-version":[{"id":13251,"href":"https:\/\/kaizuno.com\/de\/wp-json\/wp\/v2\/pages\/10268\/revisions\/13251"}],"wp:attachment":[{"href":"https:\/\/kaizuno.com\/de\/wp-json\/wp\/v2\/media?parent=10268"}],"curies":[{"name":"wp","href":"https:\/\/api.w.org\/{rel}","templated":true}]}}